{"id":40,"date":"2017-09-12T12:25:03","date_gmt":"2017-09-12T10:25:03","guid":{"rendered":"https:\/\/technosan.eu\/index.php\/oferta\/"},"modified":"2020-07-16T22:40:49","modified_gmt":"2020-07-16T20:40:49","slug":"oferta","status":"publish","type":"page","link":"https:\/\/technosan.eu\/index.php\/oferta\/","title":{"rendered":"Oferta"},"content":{"rendered":"<p>[et_pb_section bb_built=&#8221;1&#8243; fullwidth=&#8221;on&#8221; _builder_version=&#8221;3.0.73&#8243; global_module=&#8221;108&#8243;][et_pb_fullwidth_slider global_parent=&#8221;108&#8243; _builder_version=&#8221;3.0.73&#8243; auto=&#8221;on&#8221; auto_speed=&#8221;5000&#8243; parallax=&#8221;off&#8221; parallax_method=&#8221;off&#8221; show_arrows=&#8221;on&#8221; show_pagination=&#8221;on&#8221; remove_inner_shadow=&#8221;off&#8221; custom_button=&#8221;off&#8221; button_letter_spacing=&#8221;0&#8243; button_icon_placement=&#8221;right&#8221; button_letter_spacing_hover=&#8221;0&#8243; hide_content_on_mobile=&#8221;off&#8221; hide_cta_on_mobile=&#8221;off&#8221; show_image_video_mobile=&#8221;off&#8221;] [et_pb_slide heading=&#8221;Kompleksowe us\u0142ugi instalacyjne&#8221; button_text=&#8221;KONTAKT&#8221; background_image=&#8221;https:\/\/technosan.eu\/wp-content\/uploads\/2017\/09\/industry-2063432_1920.jpg&#8221; use_bg_overlay=&#8221;on&#8221; bg_overlay_color=&#8221;rgba(0,0,0,0.48)&#8221; use_text_overlay=&#8221;off&#8221; arrows_custom_color=&#8221;#fd0200&#8243; dot_nav_custom_color=&#8221;#fd0200&#8243; _builder_version=&#8221;3.0.47&#8243; header_font=&#8221;Arimo|on||on|&#8221; header_font_size=&#8221;30&#8243; header_font_size_tablet=&#8221;36&#8243; header_font_size_phone=&#8221;36&#8243; body_font=&#8221;||||&#8221; custom_button=&#8221;on&#8221; button_text_color=&#8221;#ffffff&#8221; button_bg_color=&#8221;rgba(0,0,0,0.6)&#8221; button_font=&#8221;Arimo||||&#8221; button_use_icon=&#8221;on&#8221; button_icon=&#8221;%%24%%&#8221; button_icon_color=&#8221;#ffffff&#8221; button_icon_placement=&#8221;right&#8221; button_on_hover=&#8221;off&#8221; custom_css_before=&#8221;height:450px;&#8221; custom_css_main_element=&#8221;height:450px;&#8221; custom_css_after=&#8221;height:450px;&#8221; background_color=&#8221;#ffffff&#8221; use_background_color_gradient=&#8221;off&#8221; background_color_gradient_start=&#8221;#2b87da&#8221; background_color_gradient_end=&#8221;#29c4a9&#8243; background_color_gradient_type=&#8221;linear&#8221; background_color_gradient_direction=&#8221;180deg&#8221; background_color_gradient_direction_radial=&#8221;center&#8221; background_color_gradient_start_position=&#8221;0%&#8221; background_color_gradient_end_position=&#8221;100%&#8221; parallax=&#8221;off&#8221; parallax_method=&#8221;off&#8221; background_position=&#8221;center&#8221; background_size=&#8221;cover&#8221; background_repeat=&#8221;no-repeat&#8221; background_blend=&#8221;normal&#8221; allow_player_pause=&#8221;off&#8221; button_link=&#8221;https:\/\/technosan.eu\/index.php\/kontakt\/&#8221; alignment=&#8221;center&#8221; text_border_radius=&#8221;3&#8243; background_layout=&#8221;dark&#8221; header_font_select=&#8221;Arimo&#8221; body_font_select=&#8221;default&#8221; button_font_select=&#8221;Arimo&#8221; \/][et_pb_slide heading=&#8221;Kompleksowe us\u0142ugi instalacyjne&#8221; button_text=&#8221;KONTAKT&#8221; background_image=&#8221;https:\/\/technosan.eu\/wp-content\/uploads\/2017\/09\/water-1587717_1920.jpg&#8221; use_bg_overlay=&#8221;on&#8221; bg_overlay_color=&#8221;rgba(0,0,0,0.48)&#8221; use_text_overlay=&#8221;off&#8221; arrows_custom_color=&#8221;#fd0200&#8243; dot_nav_custom_color=&#8221;#fd0200&#8243; _builder_version=&#8221;3.0.47&#8243; header_font=&#8221;Arimo|on||on|&#8221; header_font_size=&#8221;30&#8243; header_font_size_tablet=&#8221;36&#8243; header_font_size_phone=&#8221;36&#8243; body_font=&#8221;||||&#8221; custom_button=&#8221;on&#8221; button_text_color=&#8221;#ffffff&#8221; button_bg_color=&#8221;rgba(0,0,0,0.6)&#8221; button_font=&#8221;Arimo||||&#8221; button_use_icon=&#8221;on&#8221; button_icon=&#8221;%%24%%&#8221; button_icon_color=&#8221;#ffffff&#8221; button_icon_placement=&#8221;right&#8221; button_on_hover=&#8221;off&#8221; custom_css_before=&#8221;height:450px;&#8221; custom_css_main_element=&#8221;height:450px;&#8221; custom_css_after=&#8221;height:450px;&#8221; background_color=&#8221;#ffffff&#8221; use_background_color_gradient=&#8221;off&#8221; background_color_gradient_start=&#8221;#2b87da&#8221; background_color_gradient_end=&#8221;#29c4a9&#8243; background_color_gradient_type=&#8221;linear&#8221; background_color_gradient_direction=&#8221;180deg&#8221; background_color_gradient_direction_radial=&#8221;center&#8221; background_color_gradient_start_position=&#8221;0%&#8221; background_color_gradient_end_position=&#8221;100%&#8221; parallax=&#8221;off&#8221; parallax_method=&#8221;off&#8221; background_position=&#8221;center&#8221; background_size=&#8221;cover&#8221; background_repeat=&#8221;no-repeat&#8221; background_blend=&#8221;normal&#8221; allow_player_pause=&#8221;off&#8221; button_link=&#8221;https:\/\/technosan.eu\/index.php\/kontakt\/&#8221; alignment=&#8221;center&#8221; text_border_radius=&#8221;3&#8243; background_layout=&#8221;dark&#8221; header_font_select=&#8221;Arimo&#8221; body_font_select=&#8221;default&#8221; button_font_select=&#8221;Arimo&#8221; \/][et_pb_slide heading=&#8221;Kompleksowe us\u0142ugi instalacyjne&#8221; button_text=&#8221;KONTAKT&#8221; background_image=&#8221;https:\/\/technosan.eu\/wp-content\/uploads\/2017\/09\/wall-1801952_1920.jpg&#8221; use_bg_overlay=&#8221;on&#8221; bg_overlay_color=&#8221;rgba(0,0,0,0.48)&#8221; use_text_overlay=&#8221;off&#8221; arrows_custom_color=&#8221;#fd0200&#8243; dot_nav_custom_color=&#8221;#fd0200&#8243; _builder_version=&#8221;3.0.47&#8243; header_font=&#8221;Arimo|on|||&#8221; header_font_size=&#8221;36&#8243; header_font_size_tablet=&#8221;36&#8243; header_font_size_phone=&#8221;36&#8243; body_font=&#8221;||||&#8221; custom_button=&#8221;on&#8221; button_text_color=&#8221;#ffffff&#8221; button_bg_color=&#8221;rgba(0,0,0,0.6)&#8221; button_font=&#8221;Arimo||||&#8221; button_use_icon=&#8221;on&#8221; button_icon=&#8221;%%24%%&#8221; button_icon_color=&#8221;#ffffff&#8221; button_icon_placement=&#8221;right&#8221; button_on_hover=&#8221;off&#8221; custom_css_before=&#8221;height:450px;&#8221; custom_css_main_element=&#8221;height:450px;&#8221; custom_css_after=&#8221;height:450px;&#8221; background_color=&#8221;#ffffff&#8221; use_background_color_gradient=&#8221;off&#8221; background_color_gradient_start=&#8221;#2b87da&#8221; background_color_gradient_end=&#8221;#29c4a9&#8243; background_color_gradient_type=&#8221;linear&#8221; background_color_gradient_direction=&#8221;180deg&#8221; background_color_gradient_direction_radial=&#8221;center&#8221; background_color_gradient_start_position=&#8221;0%&#8221; background_color_gradient_end_position=&#8221;100%&#8221; parallax=&#8221;off&#8221; parallax_method=&#8221;off&#8221; background_position=&#8221;center&#8221; background_size=&#8221;cover&#8221; background_repeat=&#8221;no-repeat&#8221; background_blend=&#8221;normal&#8221; allow_player_pause=&#8221;off&#8221; button_link=&#8221;https:\/\/technosan.eu\/index.php\/kontakt\/&#8221; alignment=&#8221;center&#8221; text_border_radius=&#8221;3&#8243; background_layout=&#8221;dark&#8221; header_font_select=&#8221;Arimo&#8221; body_font_select=&#8221;default&#8221; button_font_select=&#8221;Arimo&#8221; \/][et_pb_slide heading=&#8221;Kompleksowe us\u0142ugi instalacyjne&#8221; button_text=&#8221;KONTAKT&#8221; background_image=&#8221;https:\/\/technosan.eu\/wp-content\/uploads\/2017\/09\/gas-1540270_1920.jpg&#8221; use_bg_overlay=&#8221;on&#8221; bg_overlay_color=&#8221;rgba(0,0,0,0.48)&#8221; use_text_overlay=&#8221;off&#8221; arrows_custom_color=&#8221;#fd0200&#8243; dot_nav_custom_color=&#8221;#fd0200&#8243; _builder_version=&#8221;3.0.47&#8243; header_font=&#8221;Arimo|on|||&#8221; header_font_size=&#8221;36&#8243; header_font_size_tablet=&#8221;36&#8243; header_font_size_phone=&#8221;36&#8243; body_font=&#8221;||||&#8221; custom_button=&#8221;on&#8221; button_text_color=&#8221;#ffffff&#8221; button_bg_color=&#8221;rgba(0,0,0,0.6)&#8221; button_font=&#8221;Arimo||||&#8221; button_use_icon=&#8221;on&#8221; button_icon=&#8221;%%24%%&#8221; button_icon_color=&#8221;#ffffff&#8221; button_icon_placement=&#8221;right&#8221; button_on_hover=&#8221;off&#8221; custom_css_before=&#8221;height:450px;&#8221; custom_css_main_element=&#8221;height:450px;&#8221; custom_css_after=&#8221;height:450px;&#8221; background_color=&#8221;#ffffff&#8221; use_background_color_gradient=&#8221;off&#8221; background_color_gradient_start=&#8221;#2b87da&#8221; background_color_gradient_end=&#8221;#29c4a9&#8243; background_color_gradient_type=&#8221;linear&#8221; background_color_gradient_direction=&#8221;180deg&#8221; background_color_gradient_direction_radial=&#8221;center&#8221; background_color_gradient_start_position=&#8221;0%&#8221; background_color_gradient_end_position=&#8221;100%&#8221; parallax=&#8221;off&#8221; parallax_method=&#8221;off&#8221; background_position=&#8221;center&#8221; background_size=&#8221;cover&#8221; background_repeat=&#8221;no-repeat&#8221; background_blend=&#8221;normal&#8221; allow_player_pause=&#8221;off&#8221; button_link=&#8221;https:\/\/technosan.eu\/index.php\/kontakt\/&#8221; alignment=&#8221;center&#8221; text_border_radius=&#8221;3&#8243; background_layout=&#8221;dark&#8221; header_font_select=&#8221;Arimo&#8221; body_font_select=&#8221;default&#8221; button_font_select=&#8221;Arimo&#8221; \/] [\/et_pb_fullwidth_slider][\/et_pb_section][et_pb_section bb_built=&#8221;1&#8243; _builder_version=&#8221;3.0.47&#8243;][et_pb_row _builder_version=&#8221;3.0.47&#8243; background_size=&#8221;initial&#8221; background_position=&#8221;top_left&#8221; background_repeat=&#8221;repeat&#8221;][et_pb_column type=&#8221;4_4&#8243;][et_pb_text _builder_version=&#8221;3.0.73&#8243; background_layout=&#8221;light&#8221; text_orientation=&#8221;left&#8221; border_style=&#8221;solid&#8221;]<\/p>\n<h3 style=\"text-align: center;\">OFERTA<\/h3>\n<p>[\/et_pb_text][\/et_pb_column][\/et_pb_row][et_pb_row][et_pb_column type=&#8221;1_2&#8243;][et_pb_text _builder_version=&#8221;3.0.73&#8243; background_layout=&#8221;light&#8221; text_orientation=&#8221;left&#8221; border_style=&#8221;solid&#8221;]<\/p>\n<h3><span style=\"font-size: medium;\"><strong><span style=\"color: #000000;\"><span style=\"font-family: 'Times New Roman', serif;\">Nasza firma wykonuje instalacje:<\/span><\/span><\/strong><\/span><\/h3>\n<p>[\/et_pb_text][et_pb_blurb title=&#8221;instalacje gazowe&#8221; use_icon=&#8221;on&#8221; font_icon=&#8221;%%45%%&#8221; icon_color=&#8221;#000000&#8243; icon_placement=&#8221;left&#8221; _builder_version=&#8221;3.0.73&#8243; url_new_window=&#8221;off&#8221; use_circle=&#8221;off&#8221; use_circle_border=&#8221;off&#8221; use_icon_font_size=&#8221;off&#8221; background_layout=&#8221;light&#8221; border_style=&#8221;solid&#8221; \/][et_pb_blurb title=&#8221;instalacje grzewcze &#8221; use_icon=&#8221;on&#8221; font_icon=&#8221;%%45%%&#8221; icon_color=&#8221;#000000&#8243; icon_placement=&#8221;left&#8221; _builder_version=&#8221;3.0.73&#8243; url_new_window=&#8221;off&#8221; use_circle=&#8221;off&#8221; use_circle_border=&#8221;off&#8221; use_icon_font_size=&#8221;off&#8221; background_layout=&#8221;light&#8221; border_style=&#8221;solid&#8221; \/][et_pb_blurb title=&#8221;instalacje wentylacji i klimatyzacji&#8221; use_icon=&#8221;on&#8221; font_icon=&#8221;%%45%%&#8221; icon_color=&#8221;#000000&#8243; icon_placement=&#8221;left&#8221; _builder_version=&#8221;3.0.73&#8243; url_new_window=&#8221;off&#8221; use_circle=&#8221;off&#8221; use_circle_border=&#8221;off&#8221; use_icon_font_size=&#8221;off&#8221; background_layout=&#8221;light&#8221; border_style=&#8221;solid&#8221; \/][et_pb_blurb title=&#8221;instalacje wodno-kanalizacyjne &#8221; use_icon=&#8221;on&#8221; font_icon=&#8221;%%45%%&#8221; icon_color=&#8221;#000000&#8243; icon_placement=&#8221;left&#8221; _builder_version=&#8221;3.0.73&#8243; url_new_window=&#8221;off&#8221; use_circle=&#8221;off&#8221; use_circle_border=&#8221;off&#8221; use_icon_font_size=&#8221;off&#8221; background_layout=&#8221;light&#8221; border_style=&#8221;solid&#8221; \/][\/et_pb_column][et_pb_column type=&#8221;1_2&#8243;][et_pb_image src=&#8221;https:\/\/technosan.eu\/wp-content\/uploads\/2017\/09\/tubing-2672187_1920.jpg&#8221; _builder_version=&#8221;3.0.73&#8243; align=&#8221;center&#8221; animation_style=&#8221;zoom&#8221; show_in_lightbox=&#8221;off&#8221; url_new_window=&#8221;off&#8221; sticky=&#8221;off&#8221; always_center_on_mobile=&#8221;on&#8221; use_overlay=&#8221;off&#8221; border_style=&#8221;solid&#8221; force_fullwidth=&#8221;off&#8221; \/][\/et_pb_column][\/et_pb_row][\/et_pb_section][et_pb_section bb_built=&#8221;1&#8243; fullwidth=&#8221;on&#8221; _builder_version=&#8221;3.0.73&#8243;][et_pb_fullwidth_header _builder_version=&#8221;3.0.73&#8243; background_image=&#8221;https:\/\/technosan.eu\/wp-content\/uploads\/2017\/09\/water-1587717_1920-1.jpg&#8221; parallax=&#8221;on&#8221; custom_css_before=&#8221;height:200px;&#8221; custom_css_main_element=&#8221;height:200px;&#8221; custom_css_after=&#8221;height:200px;&#8221; \/][\/et_pb_section][et_pb_section bb_built=&#8221;1&#8243; _builder_version=&#8221;3.0.73&#8243; global_module=&#8221;109&#8243;][et_pb_row global_parent=&#8221;109&#8243; _builder_version=&#8221;3.0.73&#8243;][et_pb_column type=&#8221;4_4&#8243;][et_pb_text global_parent=&#8221;109&#8243; _builder_version=&#8221;3.0.73&#8243;]<\/p>\n<h2 style=\"text-align: center;\">KONTAKT<\/h2>\n<p>[\/et_pb_text][\/et_pb_column][\/et_pb_row][et_pb_row global_parent=&#8221;109&#8243; _builder_version=&#8221;3.0.73&#8243;][et_pb_column type=&#8221;1_2&#8243;][et_pb_blurb global_parent=&#8221;109&#8243; title=&#8221;Technosan in\u017c. Ilona Gniewczy\u0144ska&#8221; use_icon=&#8221;on&#8221; font_icon=&#8221;%%275%%&#8221; _builder_version=&#8221;3.0.73&#8243; icon_color=&#8221;#fd0200&#8243; icon_placement=&#8221;left&#8221; \/][et_pb_blurb global_parent=&#8221;109&#8243; title=&#8221;NIP: 753 228 93 06&#8243; use_icon=&#8221;on&#8221; font_icon=&#8221;%%147%%&#8221; _builder_version=&#8221;3.0.73&#8243; icon_color=&#8221;#fd0200&#8243; icon_placement=&#8221;left&#8221; \/][et_pb_blurb global_parent=&#8221;109&#8243; title=&#8221;Gry\u017c\u00f3w 46 48-325 \u015acinawa Ma\u0142a&#8221; use_icon=&#8221;on&#8221; font_icon=&#8221;%%250%%&#8221; _builder_version=&#8221;3.0.73&#8243; icon_color=&#8221;#fd0200&#8243; icon_placement=&#8221;left&#8221; \/][et_pb_blurb global_parent=&#8221;109&#8243; title=&#8221;tel. 661 781 686&#8243; use_icon=&#8221;on&#8221; font_icon=&#8221;%%264%%&#8221; _builder_version=&#8221;3.0.73&#8243; icon_color=&#8221;#fd0200&#8243; icon_placement=&#8221;left&#8221; \/][et_pb_blurb global_parent=&#8221;109&#8243; title=&#8221;e-mail: technosan@interia.pl&#8221; use_icon=&#8221;on&#8221; font_icon=&#8221;%%238%%&#8221; _builder_version=&#8221;3.0.73&#8243; icon_color=&#8221;#fd0200&#8243; icon_placement=&#8221;left&#8221; \/][\/et_pb_column][et_pb_column type=&#8221;1_2&#8243;][et_pb_contact_form global_parent=&#8221;109&#8243; _builder_version=&#8221;3.0.73&#8243; module_id=&#8221;et_pb_contact_form_0&#8243;] [et_pb_contact_field field_id=&#8221;Name&#8221; field_title=&#8221;Nazwa&#8221; _builder_version=&#8221;3.0.47&#8243;][\/et_pb_contact_field][et_pb_contact_field field_id=&#8221;Email&#8221; field_title=&#8221;Adres e-mial&#8221; field_type=&#8221;email&#8221; _builder_version=&#8221;3.0.47&#8243; animation_style=&#8221;none&#8221;][\/et_pb_contact_field][et_pb_contact_field field_id=&#8221;Telefon&#8221; field_title=&#8221;Telefon&#8221; _builder_version=&#8221;3.0.47&#8243; fullwidth_field=&#8221;on&#8221; animation_style=&#8221;none&#8221;][\/et_pb_contact_field][et_pb_contact_field field_id=&#8221;Message&#8221; field_title=&#8221;Wiadomo\u015b\u0107&#8221; field_type=&#8221;text&#8221; fullwidth_field=&#8221;on&#8221; _builder_version=&#8221;3.0.47&#8243;][\/et_pb_contact_field] [\/et_pb_contact_form][\/et_pb_column][\/et_pb_row][\/et_pb_section]<\/p>\n","protected":false},"excerpt":{"rendered":"<p>[et_pb_section bb_built=&#8221;1&#8243; fullwidth=&#8221;on&#8221; _builder_version=&#8221;3.0.73&#8243; global_module=&#8221;108&#8243;][et_pb_fullwidth_slider global_parent=&#8221;108&#8243; _builder_version=&#8221;3.0.73&#8243; auto=&#8221;on&#8221; auto_speed=&#8221;5000&#8243; parallax=&#8221;off&#8221; parallax_method=&#8221;off&#8221; show_arrows=&#8221;on&#8221; show_pagination=&#8221;on&#8221; remove_inner_shadow=&#8221;off&#8221; custom_button=&#8221;off&#8221; button_letter_spacing=&#8221;0&#8243; button_icon_placement=&#8221;right&#8221; button_letter_spacing_hover=&#8221;0&#8243; hide_content_on_mobile=&#8221;off&#8221; hide_cta_on_mobile=&#8221;off&#8221; show_image_video_mobile=&#8221;off&#8221;] [et_pb_slide heading=&#8221;Kompleksowe us\u0142ugi instalacyjne&#8221; button_text=&#8221;KONTAKT&#8221; background_image=&#8221;https:\/\/technosan.eu\/wp-content\/uploads\/2017\/09\/industry-2063432_1920.jpg&#8221; use_bg_overlay=&#8221;on&#8221; bg_overlay_color=&#8221;rgba(0,0,0,0.48)&#8221; use_text_overlay=&#8221;off&#8221; arrows_custom_color=&#8221;#fd0200&#8243; dot_nav_custom_color=&#8221;#fd0200&#8243; _builder_version=&#8221;3.0.47&#8243; header_font=&#8221;Arimo|on||on|&#8221; header_font_size=&#8221;30&#8243; header_font_size_tablet=&#8221;36&#8243; header_font_size_phone=&#8221;36&#8243; body_font=&#8221;||||&#8221; custom_button=&#8221;on&#8221; button_text_color=&#8221;#ffffff&#8221; button_bg_color=&#8221;rgba(0,0,0,0.6)&#8221; button_font=&#8221;Arimo||||&#8221; button_use_icon=&#8221;on&#8221; button_icon=&#8221;%%24%%&#8221; button_icon_color=&#8221;#ffffff&#8221; button_icon_placement=&#8221;right&#8221; button_on_hover=&#8221;off&#8221; custom_css_before=&#8221;height:450px;&#8221; custom_css_main_element=&#8221;height:450px;&#8221; custom_css_after=&#8221;height:450px;&#8221; background_color=&#8221;#ffffff&#8221; use_background_color_gradient=&#8221;off&#8221; background_color_gradient_start=&#8221;#2b87da&#8221; background_color_gradient_end=&#8221;#29c4a9&#8243; background_color_gradient_type=&#8221;linear&#8221; [&hellip;]<\/p>\n","protected":false},"author":1,"featured_media":0,"parent":0,"menu_order":0,"comment_status":"closed","ping_status":"closed","template":"","meta":{"_et_pb_use_builder":"on","_et_pb_old_content":"","_et_gb_content_width":"","footnotes":""},"class_list":["post-40","page","type-page","status-publish","hentry"],"_links":{"self":[{"href":"https:\/\/technosan.eu\/index.php\/wp-json\/wp\/v2\/pages\/40"}],"collection":[{"href":"https:\/\/technosan.eu\/index.php\/wp-json\/wp\/v2\/pages"}],"about":[{"href":"https:\/\/technosan.eu\/index.php\/wp-json\/wp\/v2\/types\/page"}],"author":[{"embeddable":true,"href":"https:\/\/technosan.eu\/index.php\/wp-json\/wp\/v2\/users\/1"}],"replies":[{"embeddable":true,"href":"https:\/\/technosan.eu\/index.php\/wp-json\/wp\/v2\/comments?post=40"}],"version-history":[{"count":2,"href":"https:\/\/technosan.eu\/index.php\/wp-json\/wp\/v2\/pages\/40\/revisions"}],"predecessor-version":[{"id":156,"href":"https:\/\/technosan.eu\/index.php\/wp-json\/wp\/v2\/pages\/40\/revisions\/156"}],"wp:attachment":[{"href":"https:\/\/technosan.eu\/index.php\/wp-json\/wp\/v2\/media?parent=40"}],"curies":[{"name":"wp","href":"https:\/\/api.w.org\/{rel}","templated":true}]}}